				{"id":17,"date":"2017-09-10T10:15:43","date_gmt":"2017-09-10T10:15:43","guid":{"rendered":"https:\/\/iht-klink.straub-green-it.de\/?page_id=17"},"modified":"2024-04-10T19:45:54","modified_gmt":"2024-04-10T19:45:54","slug":"wir-ueber-uns","status":"publish","type":"page","link":"https:\/\/www.iht-klink.de\/?page_id=17","title":{"rendered":"Wir \u00fcber uns"},"content":{"rendered":"[vc_row][vc_column][vc_empty_space][vc_gallery interval=&#8220;5&#8243; images=&#8220;325,188&#8243; img_size=&#8220;1483&#215;600&#8243; onclick=&#8220;custom_link&#8220; custom_links_target=&#8220;_blank&#8220; custom_links=&#8220;#E-8_aHR0cHMlM0ElMkYlMkZ3d3cuaWh0LWtsaW5rLmRlJTJGd3AtY29udGVudCUyRnVwbG9hZHMlMkYyMDE3JTJGMTElMkZBSUZfWklNX1JvYm9Ib25lLnBkZg==&#8220;][\/vc_column][\/vc_row][vc_row stretched_bg_padding=&#8220;65&#8243;][vc_column]\t\t\t\t<div class=\"home-cta-bar accent\" style=\"\">\r\n\t\t\t<div class=\"text\">\r\n\t\t\t\tInnovative Hontechnologie - Erfahrung und Innovation seit \u00fcber 50 Jahren\t\t\t<\/div>\r\n\t\t\t\t\t<\/div>\r\n\t\t<div class=\"home-cta-spacer\"><\/div>\r\n\t\t[\/vc_column][\/vc_row][vc_row css=&#8220;.vc_custom_1411479622940{padding-top: 10px !important;padding-bottom: 10px !important;background-color: #ededed !important;background-position: center !important;background-repeat: no-repeat !important;background-size: cover !important;}&#8220;][vc_column width=&#8220;1\/2&#8243;]\r\n\t\t\r\n\t\t\t<!-- Standard Icon & Text Element -->\r\n\r\n\t\t\t\r\n\t\t\r\n\t\t\r\n\t\t\t<!-- Standard Icon & Text Element -->\r\n\r\n\t\t\t\t\t\t\t<div class=\"basix_icon_text title-left-icon wpb_content_element\">\r\n\t\t\t\t\t<div class=\"title-holder\">\r\n\t\t\t\t\t\t<div class=\"icon\" style=\"width: 24px;\">\r\n\t\t\t\t\t\t\t\t\t\t\t\t\t\t\t<i class=\"FontAwesome-signal\" style=\"font-size: 24px;\"><\/i>\r\n\t\t\t\t\t\t\t\t\t\t\t\t\t<\/div>\r\n\t\t\t\t\t\t<div class=\"title\">\r\n\t\t\t\t\t\t\t\t\t\t\t\t\t\t\t<h2>Wir \u00fcber uns<\/h2>\r\n\t\t\t\t\t\t\t\t\t\t\t\t\t<\/div>\r\n\t\t\t\t\t<\/div>\r\n\t\t\t\t\t\t\t\t\t\t\t<div class=\"text\">\r\n\t\t\t\t\t\t\t<strong>Ulrich Klink<\/strong>, Dipl.-Ing. studierte Maschinenbau an der Hochschule Reutlingen. \u00dcber 30 Jahre Erfahrung als Leiter des Technologiezentrums und Mitglied der Gesch\u00e4ftsleitung der Maschinenfabrik Gehring GmbH &amp; Co. KG. Seit 2009 Gesch\u00e4ftsf\u00fchrer des Dienstleistungsunternehmens iht-Klink Innovative Hon-Technologie.\t\t\t\t\t\t<\/div>\r\n\t\t\t\t\t\t\t\t\t<\/div>\r\n\t\t\t\r\n\t\t\r\n\t\t\t\t[vc_single_image image=&#8220;192&#8243; add_caption=&#8220;yes&#8220;][vc_column_text]<strong>Martin Dellin<\/strong>, M.Sc. studierte an der Universit\u00e4t Stuttgart Maschinenbau mit Spezialisierung Werkzeugmaschinen und Feinwerktechnik. Seit 2014 freier Mitarbeiter des Dienstleistungsunternehmens iht-klink Innovative Hon-Technologie.[\/vc_column_text][vc_single_image image=&#8220;256&#8243; add_caption=&#8220;yes&#8220;][vc_column_text]<strong>Sophia Kraushaar<\/strong>, studiert an der Universit\u00e4t Stuttgart Maschinenbau. Seit 2018 freie Mitarbeiterin des Dienstleistungsunternehmens iht-Klink Innovative Hon-Technologie.[\/vc_column_text][vc_column_text]<strong>Angaben gem\u00e4\u00df <a href=\"https:\/\/lexmea.de\/gesetz\/tmg\/5\">\u00a7 5 TMG<\/a>:<\/strong><br \/>\niht-Klink<br \/>\nPaulusstrasse 37<br \/>\n72639 Neuffen<\/p>\n<p><strong>Vertreten durch:<\/strong><br \/>\nHerr Ulrich Klink<\/p>\n<p><strong>Kontakt:<\/strong><br \/>\nTel. +49(0)7025 2271<br \/>\nMobil +49(0)170 4683217<br \/>\nFax: +49(0)7025 8142<br \/>\nE-Mail: info@iht-klink.de<br \/>\n<a href=\"https:\/\/www.iht-klink.de\">https:\/\/www.iht-klink.de<\/a><br \/>\nFreiberufler[\/vc_column_text][vc_column_text][\/vc_column_text][\/vc_column][vc_column width=&#8220;1\/2&#8243;][vc_single_image image=&#8220;235&#8243; add_caption=&#8220;yes&#8220; onclick=&#8220;link_image&#8220; title=&#8220;iht-klink&#8220;][vc_column_text]\n<ul>\n<li>Gr\u00fcndung im Juni 2009 als Dienstleistungsunternehmen der Hontechnologie, ausschlaggebend dabei war der Wunsch vieler Anwender des Honverfahrens, die \u00fcber 40-j\u00e4hrige Erfahrung weiter zur Verf\u00fcgung zu stellen.<\/li>\n<li>Schwerpunkte: Beratung und Entwicklung<\/li>\n<li>40-j\u00e4hrige Erfahrung im Bereich Honen, Unb\u00fcrokratisch, praxisnah, effizient und kosteng\u00fcnstig werden mit der freien Gesch\u00e4ftseinheit iht weltweit innovative Hontechnologien umgesetzt. Vorrangig dabei ist der Know-how-Transfer und nicht der Verkauf von Maschinen und Betriebsmitteln.<\/li>\n<li>Projektabh\u00e4ngige Mitarbeiteranzahl von 2 bis 4 Personen<\/li>\n<\/ul>\n<p>Das Dienstleistungsunternehmen bietet unter Leitung von Dipl. Ing. Ulrich Klink:<\/p>\n<ul>\n<li>\u00fcber 50 Jahre Honerfahrung<\/li>\n<li>\u00fcber 30 Jahre Erfahrung als Leiter Werk II (Technologiezentrum) und Mitglied der Gesch\u00e4ftsleitung der Firma Gehring GmbH &amp; Co. KG<\/li>\n<li>\u00fcber 60 Patente als Erfinder weltweit u. a. Formhonen, Laserhonen<\/li>\n<\/ul>\n[\/vc_column_text][vc_single_image image=&#8220;194&#8243; add_caption=&#8220;yes&#8220; onclick=&#8220;link_image&#8220;][vc_column_text]\n<ul>\n<li>Gutachter f\u00fcr das Wirtschaftsministerium<\/li>\n<li>\u00fcber 30 Jahre aktive Erfahrung\/Kontakt mit China<\/li>\n<li>\u00fcber 40 Jahre aktive Erfahrung\/Kontakt mit Japan<\/li>\n<\/ul>\n[\/vc_column_text][vc_single_image image=&#8220;227&#8243; add_caption=&#8220;yes&#8220; onclick=&#8220;link_image&#8220;][vc_column_text]\n<ul>\n<li>\u00fcber 50 Ver\u00f6ffentlichungen weltweit (Fachb\u00fccher, Fachaufs\u00e4tze, Vortr\u00e4ge, Diplomarbeiten etc.)<\/li>\n<li>\u00fcber 35 Jahre aktive Mitgliedschaft (Gr\u00fcndungsmitglied) im Arbeitskreis<br \/>\nFeinbearbeitung an der TU Berlin bei Prof. Spur und Prof. Uhlmann<\/li>\n<li>Zusammenarbeit mit allen fachspezifischen Universit\u00e4ten, Hochschulen und Instituten mit Vortr\u00e4gen und Vorlesungen (Universit\u00e4t Stuttgart, TU Berlin, University oh Shanghai for Science and Technology)<\/li>\n<li>Dozent bei Feinbearbeitungsseminaren an den technischen Akademien<br \/>\nZ\u00fcrich, Esslingen und Wuppertal<\/li>\n<\/ul>\n[\/vc_column_text][\/vc_column][\/vc_row][vc_row][vc_column][\/vc_column][\/vc_row]\n","protected":false},"excerpt":{"rendered":"<p>[vc_row][vc_column][vc_empty_space][vc_gallery interval=&#8220;5&#8243; images=&#8220;325,188&#8243; img_size=&#8220;1483&#215;600&#8243; onclick=&#8220;custom_link&#8220; custom_links_target=&#8220;_blank&#8220; custom_links=&#8220;#E-8_aHR0cHMlM0ElMkYlMkZ3d3cuaWh0LWtsaW5rLmRlJTJGd3AtY29udGVudCUyRnVwbG9hZHMlMkYyMDE3JTJGMTElMkZBSUZfWklNX1JvYm9Ib25lLnBkZg==&#8220;][\/vc_column][\/vc_row][vc_row stretched_bg_padding=&#8220;65&#8243;][vc_column][\/vc_column][\/vc_row][vc_row css=&#8220;.vc_custom_1411479622940{padding-top: 10px !important;padding-bottom: 10px !important;background-color: #ededed !important;background-position: center !important;background-repeat: no-repeat !important;background-size: cover !important;}&#8220;][vc_column width=&#8220;1\/2&#8243;][vc_single_image image=&#8220;192&#8243; add_caption=&#8220;yes&#8220;][vc_column_text]Martin Dellin, M.Sc. studierte an der Universit\u00e4t Stuttgart Maschinenbau mit Spezialisierung Werkzeugmaschinen und Feinwerktechnik. Seit 2014 freier Mitarbeiter des Dienstleistungsunternehmens iht-klink Innovative Hon-Technologie.[\/vc_column_text][vc_single_image image=&#8220;256&#8243; add_caption=&#8220;yes&#8220;][vc_column_text]Sophia Kraushaar, studiert an der Universit\u00e4t Stuttgart Maschinenbau. &#8230;<\/p>\n","protected":false},"author":1,"featured_media":0,"parent":0,"menu_order":0,"comment_status":"closed","ping_status":"closed","template":"template-home.php","meta":{"_exactmetrics_skip_tracking":false,"_exactmetrics_sitenote_active":false,"_exactmetrics_sitenote_note":"","_exactmetrics_sitenote_category":0,"footnotes":""},"_links":{"self":[{"href":"https:\/\/www.iht-klink.de\/index.php?rest_route=\/wp\/v2\/pages\/17"}],"collection":[{"href":"https:\/\/www.iht-klink.de\/index.php?rest_route=\/wp\/v2\/pages"}],"about":[{"href":"https:\/\/www.iht-klink.de\/index.php?rest_route=\/wp\/v2\/types\/page"}],"author":[{"embeddable":true,"href":"https:\/\/www.iht-klink.de\/index.php?rest_route=\/wp\/v2\/users\/1"}],"replies":[{"embeddable":true,"href":"https:\/\/www.iht-klink.de\/index.php?rest_route=%2Fwp%2Fv2%2Fcomments&post=17"}],"version-history":[{"count":34,"href":"https:\/\/www.iht-klink.de\/index.php?rest_route=\/wp\/v2\/pages\/17\/revisions"}],"predecessor-version":[{"id":341,"href":"https:\/\/www.iht-klink.de\/index.php?rest_route=\/wp\/v2\/pages\/17\/revisions\/341"}],"wp:attachment":[{"href":"https:\/\/www.iht-klink.de\/index.php?rest_route=%2Fwp%2Fv2%2Fmedia&parent=17"}],"curies":[{"name":"wp","href":"https:\/\/api.w.org\/{rel}","templated":true}]}}