												{"id":2,"date":"2017-09-10T09:46:13","date_gmt":"2017-09-10T09:46:13","guid":{"rendered":"https:\/\/iht-klink.straub-green-it.de\/?page_id=2"},"modified":"2024-04-10T19:23:50","modified_gmt":"2024-04-10T19:23:50","slug":"sample-page","status":"publish","type":"page","link":"https:\/\/www.iht-klink.de\/","title":{"rendered":"Home"},"content":{"rendered":"[vc_row][vc_column][vc_empty_space][vc_gallery interval=&#8220;5&#8243; images=&#8220;325,188&#8243; img_size=&#8220;1483&#215;600&#8243; onclick=&#8220;custom_link&#8220; custom_links_target=&#8220;_blank&#8220; custom_links=&#8220;#E-8_aHR0cHMlM0ElMkYlMkZ3d3cuaWh0LWtsaW5rLmRlJTJGd3AtY29udGVudCUyRnVwbG9hZHMlMkYyMDE3JTJGMTElMkZBSUZfWklNX1JvYm9Ib25lLnBkZg==&#8220;][\/vc_column][\/vc_row][vc_row stretched_bg_padding=&#8220;65&#8243;][vc_column]\t\t\t\t<div class=\"home-cta-bar accent\" style=\"\">\r\n\t\t\t<div class=\"text\">\r\n\t\t\t\tInnovative Hontechnologie - Erfahrung und Innovation seit \u00fcber 50 Jahren\t\t\t<\/div>\r\n\t\t\t\t\t<\/div>\r\n\t\t<div class=\"home-cta-spacer\"><\/div>\r\n\t\t[\/vc_column][\/vc_row][vc_row css=&#8220;.vc_custom_1411479622940{padding-top: 10px !important;padding-bottom: 10px !important;background-color: #ededed !important;background-position: center !important;background-repeat: no-repeat !important;background-size: cover !important;}&#8220;][vc_column width=&#8220;1\/2&#8243;]\r\n\t\t\r\n\t\t\t<!-- Standard Icon & Text Element -->\r\n\r\n\t\t\t\r\n\t\t\r\n\t\t\r\n\t\t\t<!-- Standard Icon & Text Element -->\r\n\r\n\t\t\t\t\t\t\t<div class=\"basix_icon_text title-left-icon wpb_content_element\">\r\n\t\t\t\t\t<div class=\"title-holder\">\r\n\t\t\t\t\t\t<div class=\"icon\" style=\"width: 24px;\">\r\n\t\t\t\t\t\t\t\t\t\t\t\t\t\t\t<i class=\"FontAwesome-signal\" style=\"font-size: 24px;\"><\/i>\r\n\t\t\t\t\t\t\t\t\t\t\t\t\t<\/div>\r\n\t\t\t\t\t\t<div class=\"title\">\r\n\t\t\t\t\t\t\t\t\t\t\t\t\t\t\t<h2>Unsere Leistungen<\/h2>\r\n\t\t\t\t\t\t\t\t\t\t\t\t\t<\/div>\r\n\t\t\t\t\t<\/div>\r\n\t\t\t\t\t\t\t\t\t\t\t<div class=\"text\">\r\n\t\t\t\t\t\t\tWir bieten Ihnen<\/p>\n<ul>\n<li>Praxisnahe &amp; effiziente Beratung (vom Honstein bis zur Honanlage)<\/li>\n<li>Schnelle Realisierung<\/li>\n<li>Prototypenbearbeitung<\/li>\n<li>Entwicklung<\/li>\n<li>Fertigungshilfe<\/li>\n<li>Entgrattechniken<\/li>\n<\/ul>\n\t\t\t\t\t\t<\/div>\r\n\t\t\t\t\t\t\t\t\t<\/div>\r\n\t\t\t\r\n\t\t\r\n\t\t\t\t[vc_single_image image=&#8220;330&#8243; img_size=&#8220;full&#8220; title=&#8220;Fachbuch Honen &#8211; Umweltbewusst und kosteng\u00fcnstig fertigen&#8220;][vc_column_text]<span style=\"color: #000000;\">Schreiben Sie uns gerne zur <span style=\"color: #3366ff;\"><a style=\"color: #3366ff;\" href=\"mailto: info@iht-klink.de\">Bestellung<\/a><\/span> eines Exemplars.<\/span>[\/vc_column_text][\/vc_column][vc_column width=&#8220;1\/2&#8243;]\r\n\t\t\r\n\t\t\t<!-- Standard Icon & Text Element -->\r\n\r\n\t\t\t\t\t\t\t<div class=\"basix_icon_text left-icon wpb_content_element\">\r\n\t\t\t\t\t<div class=\"icon\" style=\"width: 27px;\">\r\n\t\t\t\t\t\t\t\t\t\t\t\t\t<i class=\"FontAwesome-comments\" style=\"font-size: 24px;\"><\/i>\r\n\t\t\t\t\t\t\t\t\t\t\t<\/div>\r\n\t\t\t\t\t<div class=\"text\">\r\n\t\t\t\t\t\t\t\t\t\t\t\t\t\t\t\t\t\t\t\t\t<h2>News<\/h2>\r\n\t\t\t\t\t\t\t\t\t\t\t\t\t\t\t\t\t\t\t<strong>2023:<br \/>\n<\/strong>Entwicklung additiv gefertigter, keramisch gebundener Diamanthonleisten,<br \/>\nVortrag TU Berlin 10\/2023<\/p>\n<p>&nbsp;<\/p>\n<p><strong>2022:<br \/>\n<\/strong>Fachbuch &#8222;Honen &#8211; Umweltbewusst und kosteng\u00fcnstig fertigen&#8220;<br \/>\n2., \u00fcberarbeitete und erweiterte Ausgabe<\/p>\n<p>Flexible Honbearbeitung mittels Industrieroboter<br \/>\nVortrag Grind-Tec-Forum, 03\/2022<\/p>\n<p><strong>2020:<\/strong><br \/>\n&#8222;Neue definierte Konditionierung von Honwerkzeugen&#8220;<br \/>\nVer\u00f6ffentlichung in der Werkstatt und Betrieb (Januar, 01\/2020) &#8211; <a href=\"https:\/\/iht-klink.straub-green-it.de\/wp-content\/uploads\/2020\/03\/iht-klink-Werkstatt-Betrieb_01_2020.pdf\">mehr<\/a><\/p>\n<p><strong>2019:<br \/>\n<\/strong>\u201eKonditionierung von Honwerkzeugen mit innovativer Qualit\u00e4tskontrolle auf der \u00dcberholspur&#8220; Ver\u00f6ffentlichung in der Diamond Business (Juni, 02\/2019) &#8211; <a href=\"https:\/\/iht-klink.straub-green-it.de\/wp-content\/uploads\/2020\/03\/TU-Berlin_Klink.pdf\">mehr<\/a><\/p>\n<p><strong>2017:<\/strong><br \/>\n\u201eRebound\u201c \u2013 AiF gef\u00f6rdertes Projekt mit dem IWF, TU Berlin (11\/2017)<\/p>\n<p>\u201eK\u00fchlkonzepte beim Honen\u201c<br \/>\nVer\u00f6ffentlichung in der Diamond Business (Nov., 04\/2017) &#8211;\u00a0<a href=\"https:\/\/iht-klink.straub-green-it.de\/wp-content\/uploads\/2018\/01\/K\u00fchlkonzepte-beim-Honen.pdf\" target=\"_blank\" rel=\"noopener noreferrer\">mehr<\/a><\/p>\n<p>Vortrag \u00fcber \u201eDie spanenden Fertigungsverfahren Honen und Schleifen im Vergleich\u201c beim IAK Keramik an der TU Berlin (09\/2017)<\/p>\n<p>\u201eDie spanenden Fertigungsverfahren Honen und Schleifen im Vergleich\u201c<br \/>\nVer\u00f6ffentlichung in der Diamond Business (Juni, 02\/2017) &#8211;\u00a0<a href=\"https:\/\/iht-klink.straub-green-it.de\/wp-content\/uploads\/2017\/11\/Die-spanenden-Fertigungsverfahren-Honen-und-Schleifen-im-Vergleich.pdf\" target=\"_blank\" rel=\"noopener noreferrer\">mehr<\/a>\t\t\t\t\t<\/div>\r\n\t\t\t\t<\/div>\r\n\t\t\t\r\n\t\t\r\n\t\t\r\n\t\t\t<!-- Standard Icon & Text Element -->\r\n\r\n\t\t\t\r\n\t\t\r\n\t\t\t\t[\/vc_column][\/vc_row][vc_row][vc_column width=&#8220;1\/3&#8243;]\r\n\t\t\r\n\t\t\t<!-- Standard Icon & Text Element -->\r\n\r\n\t\t\t\r\n\t\t\r\n\t\t\r\n\t\t\t<!-- Standard Icon & Text Element -->\r\n\r\n\t\t\t\t\t\t\t<div class=\"basix_icon_text title-left-icon wpb_content_element\">\r\n\t\t\t\t\t<div class=\"title-holder\">\r\n\t\t\t\t\t\t<div class=\"icon\" style=\"width: 24px;\">\r\n\t\t\t\t\t\t\t\t\t\t\t\t\t\t\t<i class=\"FontAwesome-dot-circle-o\" style=\"font-size: 24px;\"><\/i>\r\n\t\t\t\t\t\t\t\t\t\t\t\t\t<\/div>\r\n\t\t\t\t\t\t<div class=\"title\">\r\n\t\t\t\t\t\t\t\t\t\t\t\t\t\t\t<h2>Was ist Honen?<\/h2>\r\n\t\t\t\t\t\t\t\t\t\t\t\t\t<\/div>\r\n\t\t\t\t\t<\/div>\r\n\t\t\t\t\t\t\t\t\t\t\t<div class=\"text\">\r\n\t\t\t\t\t\t\tDIN 8589-14: Spanen mit geometrisch unbestimmten Schneiden, wobei die vielschneidigen Werkzeuge eine aus zwei Komponenten bestehende Schnittbewegung ausf\u00fchren, von denen mindestens eine Komponente hin- und hergehend ist, so dass die bearbeitete Oberfl\u00e4che auch definiert \u00fcberkreuzende Spuren aufweist. &#8211;\u00a0<a href=\"https:\/\/iht-klink.straub-green-it.de\/?page_id=68\">[mehr]<\/a>\t\t\t\t\t\t<\/div>\r\n\t\t\t\t\t\t\t\t\t<\/div>\r\n\t\t\t\r\n\t\t\r\n\t\t\t\t[\/vc_column][vc_column width=&#8220;1\/3&#8243;]\r\n\t\t\r\n\t\t\t<!-- Standard Icon & Text Element -->\r\n\r\n\t\t\t\r\n\t\t\r\n\t\t\r\n\t\t\t<!-- Standard Icon & Text Element -->\r\n\r\n\t\t\t\t\t\t\t<div class=\"basix_icon_text title-left-icon wpb_content_element\">\r\n\t\t\t\t\t<div class=\"title-holder\">\r\n\t\t\t\t\t\t<div class=\"icon\" style=\"width: 24px;\">\r\n\t\t\t\t\t\t\t\t\t\t\t\t\t\t\t<i class=\"FontAwesome-user\" style=\"font-size: 24px;\"><\/i>\r\n\t\t\t\t\t\t\t\t\t\t\t\t\t<\/div>\r\n\t\t\t\t\t\t<div class=\"title\">\r\n\t\t\t\t\t\t\t\t\t\t\t\t\t\t\t<h2>Ver\u00f6ffentlichungen<\/h2>\r\n\t\t\t\t\t\t\t\t\t\t\t\t\t<\/div>\r\n\t\t\t\t\t<\/div>\r\n\t\t\t\t\t\t\t\t\t\t\t<div class=\"text\">\r\n\t\t\t\t\t\t\tWir haben diverse Artikel und B\u00fccher ver\u00f6ffentlicht, anbei erhalten Sie Leseproben:<\/p>\n<ul>\n<li>Fachbuch: &#8222;Honen &#8211; Umweltbewusst und kosteng\u00fcnstig Fertigen&#8220;, 2. \u00fcberarbeitete und erweiterte Auflage &#8211; <a href=\"https:\/\/www.iht-klink.de\/wp-content\/uploads\/2024\/04\/Fachbuch-Honen-2Auflage.pdf\">Leseprobe<\/a><\/li>\n<li>Handbuch: &#8222;Spanen&#8220; &#8211; <a href=\"https:\/\/iht-klink.straub-green-it.de\/wp-content\/uploads\/2017\/11\/Handbuch-Spanen-Leseprobe-1.pdf\" target=\"_blank\" rel=\"noopener noreferrer\">Leseprobe<\/a><\/li>\n<li>Fachbuch: &#8222;Honen &#8211; Umweltbewusst und kosteng\u00fcnstig Fertigen&#8220; &#8211; <a href=\"https:\/\/iht-klink.straub-green-it.de\/wp-content\/uploads\/2017\/11\/Honen_Umweltbewusst...-Leseprobe.pdf\" target=\"_blank\" rel=\"noopener noreferrer\">Leseprobe<\/a><\/li>\n<li>Artikel: &#8222;Die spanenden Fertigungsverfahren Honen &amp; Schleifen im Vergleich&#8220;\u00a0&#8211; <a href=\"https:\/\/iht-klink.straub-green-it.de\/wp-content\/uploads\/2017\/11\/Die-spanenden-Fertigungsverfahren-Honen-und-Schleifen-im-Vergleich.pdf\" target=\"_blank\" rel=\"noopener noreferrer\">Leseprobe<\/a><\/li>\n<li>Artikel: &#8222;Plateauhonen&#8220;\u00a0&#8211; <a href=\"https:\/\/iht-klink.straub-green-it.de\/wp-content\/uploads\/2017\/11\/Plateauhonen.pdf\" target=\"_blank\" rel=\"noopener noreferrer\">Leseprobe<\/a><\/li>\n<li>Artikel: &#8222;AIF ZIM RoboHone&#8220; &#8211; <a href=\"https:\/\/iht-klink.straub-green-it.de\/wp-content\/uploads\/2017\/11\/AIF_ZIM_RoboHone.pdf\" target=\"_blank\" rel=\"noopener noreferrer\">Leseprobe<\/a><\/li>\n<li>Artikel: &#8222;K\u00fchlkonzepte beim Honen&#8220; &#8211; <a href=\"https:\/\/iht-klink.straub-green-it.de\/wp-content\/uploads\/2018\/01\/K\u00fchlkonzepte-beim-Honen.pdf\" target=\"_blank\" rel=\"noopener noreferrer\">Leseprobe<\/a><\/li>\n<\/ul>\n\t\t\t\t\t\t<\/div>\r\n\t\t\t\t\t\t\t\t\t<\/div>\r\n\t\t\t\r\n\t\t\r\n\t\t\t\t[\/vc_column][vc_column width=&#8220;1\/3&#8243;]\r\n\t\t\r\n\t\t\t<!-- Standard Icon & Text Element -->\r\n\r\n\t\t\t\r\n\t\t\r\n\t\t\r\n\t\t\t<!-- Standard Icon & Text Element -->\r\n\r\n\t\t\t\t\t\t\t<div class=\"basix_icon_text title-left-icon wpb_content_element\">\r\n\t\t\t\t\t<div class=\"title-holder\">\r\n\t\t\t\t\t\t<div class=\"icon\" style=\"width: 24px;\">\r\n\t\t\t\t\t\t\t\t\t\t\t\t\t\t\t<i class=\"FontAwesome-envelope-o\" style=\"font-size: 24px;\"><\/i>\r\n\t\t\t\t\t\t\t\t\t\t\t\t\t<\/div>\r\n\t\t\t\t\t\t<div class=\"title\">\r\n\t\t\t\t\t\t\t\t\t\t\t\t\t\t\t<h2>Kontakt<\/h2>\r\n\t\t\t\t\t\t\t\t\t\t\t\t\t<\/div>\r\n\t\t\t\t\t<\/div>\r\n\t\t\t\t\t\t\t\t\t\t\t<div class=\"text\">\r\n\t\t\t\t\t\t\t<strong>Unsere Kontaktdaten<\/strong><\/p>\n<p>Dipl.-Ing. Ulrich Klink<br \/>\nPaulusstr. 37<br \/>\n72639 Neuffen<\/p>\n<p>Telefon: +49 7025 22 71<br \/>\nTelefax: +49 7025 81 42<br \/>\nMobil: +49 170 46 83 217<\/p>\n<p>E-Mail:<a href=\"mailto:info@iht-klink.de\">info@iht-klink.de<\/a><br \/>\nInternet: www.iht-klink.de\t\t\t\t\t\t<\/div>\r\n\t\t\t\t\t\t\t\t\t<\/div>\r\n\t\t\t\r\n\t\t\r\n\t\t\t\t[\/vc_column][vc_column][\/vc_column][\/vc_row]\n","protected":false},"excerpt":{"rendered":"<p>[vc_row][vc_column][vc_empty_space][vc_gallery interval=&#8220;5&#8243; images=&#8220;325,188&#8243; img_size=&#8220;1483&#215;600&#8243; onclick=&#8220;custom_link&#8220; custom_links_target=&#8220;_blank&#8220; custom_links=&#8220;#E-8_aHR0cHMlM0ElMkYlMkZ3d3cuaWh0LWtsaW5rLmRlJTJGd3AtY29udGVudCUyRnVwbG9hZHMlMkYyMDE3JTJGMTElMkZBSUZfWklNX1JvYm9Ib25lLnBkZg==&#8220;][\/vc_column][\/vc_row][vc_row stretched_bg_padding=&#8220;65&#8243;][vc_column][\/vc_column][\/vc_row][vc_row css=&#8220;.vc_custom_1411479622940{padding-top: 10px !important;padding-bottom: 10px !important;background-color: #ededed !important;background-position: center !important;background-repeat: no-repeat !important;background-size: cover !important;}&#8220;][vc_column width=&#8220;1\/2&#8243;][vc_single_image image=&#8220;330&#8243; img_size=&#8220;full&#8220; title=&#8220;Fachbuch Honen &#8211; Umweltbewusst und kosteng\u00fcnstig fertigen&#8220;][vc_column_text]Schreiben Sie uns gerne zur Bestellung eines Exemplars.[\/vc_column_text][\/vc_column][vc_column width=&#8220;1\/2&#8243;][\/vc_column][\/vc_row][vc_row][vc_column width=&#8220;1\/3&#8243;][\/vc_column][vc_column width=&#8220;1\/3&#8243;][\/vc_column][vc_column width=&#8220;1\/3&#8243;][\/vc_column][vc_column][\/vc_column][\/vc_row]<\/p>\n","protected":false},"author":1,"featured_media":0,"parent":0,"menu_order":0,"comment_status":"closed","ping_status":"open","template":"template-home.php","meta":{"_exactmetrics_skip_tracking":false,"_exactmetrics_sitenote_active":false,"_exactmetrics_sitenote_note":"","_exactmetrics_sitenote_category":0,"footnotes":""},"_links":{"self":[{"href":"https:\/\/www.iht-klink.de\/index.php?rest_route=\/wp\/v2\/pages\/2"}],"collection":[{"href":"https:\/\/www.iht-klink.de\/index.php?rest_route=\/wp\/v2\/pages"}],"about":[{"href":"https:\/\/www.iht-klink.de\/index.php?rest_route=\/wp\/v2\/types\/page"}],"author":[{"embeddable":true,"href":"https:\/\/www.iht-klink.de\/index.php?rest_route=\/wp\/v2\/users\/1"}],"replies":[{"embeddable":true,"href":"https:\/\/www.iht-klink.de\/index.php?rest_route=%2Fwp%2Fv2%2Fcomments&post=2"}],"version-history":[{"count":121,"href":"https:\/\/www.iht-klink.de\/index.php?rest_route=\/wp\/v2\/pages\/2\/revisions"}],"predecessor-version":[{"id":332,"href":"https:\/\/www.iht-klink.de\/index.php?rest_route=\/wp\/v2\/pages\/2\/revisions\/332"}],"wp:attachment":[{"href":"https:\/\/www.iht-klink.de\/index.php?rest_route=%2Fwp%2Fv2%2Fmedia&parent=2"}],"curies":[{"name":"wp","href":"https:\/\/api.w.org\/{rel}","templated":true}]}}