		{"id":44,"date":"2017-10-25T20:24:25","date_gmt":"2017-10-25T20:24:25","guid":{"rendered":"https:\/\/iht-klink.straub-green-it.de\/?page_id=44"},"modified":"2017-11-16T17:51:15","modified_gmt":"2017-11-16T17:51:15","slug":"impressum","status":"publish","type":"page","link":"https:\/\/www.iht-klink.de\/?page_id=44","title":{"rendered":"Impressum"},"content":{"rendered":"[vc_row][vc_column][rev_slider_vc alias=&#8220;kenburns_boxed&#8220;][\/vc_column][\/vc_row][vc_row stretched_bg_padding=&#8220;65&#8243;][vc_column]\t\t\t\t<div class=\"home-cta-bar accent\" style=\"\">\r\n\t\t\t<div class=\"text\">\r\n\t\t\t\tInnovative Hontechnologie - Erfahrung und Innovation seit 40 Jahren\t\t\t<\/div>\r\n\t\t\t\t\t<\/div>\r\n\t\t<div class=\"home-cta-spacer\"><\/div>\r\n\t\t[\/vc_column][\/vc_row][vc_row css=&#8220;.vc_custom_1411479622940{padding-top: 10px !important;padding-bottom: 10px !important;background-color: #ededed !important;background-position: center !important;background-repeat: no-repeat !important;background-size: cover !important;}&#8220;][vc_row][\/vc_row][vc_column][vc_column_text]\n<h2><\/h2>\n<h2>Impressum<\/h2>\n<p><em><strong>Angaben gem\u00e4\u00df \u00a7 5 TMG:<\/strong><\/em><br \/>\nIht-klink<br \/>\nPaulusstrasse 37<br \/>\n72639 Neuffen<\/p>\n<p><em><strong>Vertreten durch:<\/strong><\/em><br \/>\nHerr Ulrich Klink<\/p>\n<p><em><strong>Kontakt:<\/strong><\/em><br \/>\nTel. +49(0)7025 2271<br \/>\nMobil +49(0)172 7227894<br \/>\nFax: +49(0)7025 8142<br \/>\n<a href=\"http:\/\/www.iht-klink.de\">http:\/\/www.iht-klink.de<\/a><br \/>\nFreiberufler<\/p>\n<p>&nbsp;<\/p>\n<p>&nbsp;<\/p>\n<h2>Umsatzsteuer:<\/h2>\n<p>UmsatzsteuerIdentifikationsnummer<br \/>\ngem\u00e4\u00df \u00a727 a Umsatzsteuergesetz:<br \/>\nDE XXXXX<\/p>\n<h2>Streitschlichtung<\/h2>\n<p>Wir sind nicht bereit oder verpflichtet, an Streitbeilegungsverfahren vor<br \/>\neiner Verbraucherschlichtungsstelle teilzunehmen.<\/p>\n<h2>Haftung f\u00fcr Inhalte<\/h2>\n<p>Als Diensteanbieter sind wir gem\u00e4\u00df \u00a7 7 Abs.1 TMG f\u00fcr eigene Inhalte auf diesen Seiten nach den allgemeinen Gesetzen verantwortlich. Nach \u00a7\u00a7 8 bis 10 TMG sind wir als Diensteanbieter jedoch nicht verpflichtet, \u00fcbermittelte oder gespeicherte fremde Informationen zu \u00fcberwachen oder nach Umst\u00e4nden zu forschen, die auf eine rechtswidrige T\u00e4tigkeit hinweisen.<\/p>\n<p>Verpflichtungen zur Entfernung oder Sperrung der Nutzung von Informationen nach<br \/>\nden allgemeinen Gesetzen bleiben hiervon unber\u00fchrt. Eine diesbez\u00fcgliche Haftung ist jedoch erst ab dem Zeitpunkt der Kenntnis einer konkreten Rechtsverletzung m\u00f6glich. Bei Bekanntwerden von entsprechenden Rechtsverletzungen werden wir diese Inhalte umgehend entfernen.<\/p>\n<h2>Haftung f\u00fcr Links<\/h2>\n<p>Unser Angebot enth\u00e4lt Links zu externen Webseiten Dritter, auf deren Inhalte wir keinen Einfluss haben. Deshalb k\u00f6nnen wir f\u00fcr diese fremden Inhalte auch<br \/>\nkeine Gew\u00e4hr \u00fcbernehmen. F\u00fcr die Inhalte der verlinkten Seiten ist stets der jeweilige Anbieter oder Betreiber der Seiten verantwortlich. Die verlinkten Seiten wurden zum Zeitpunkt der Verlinkung auf m\u00f6gliche Rechtsverst\u00f6\u00dfe \u00fcberpr\u00fcft. Rechtswidrige Inhalte waren zum Zeitpunkt der Verlinkung nicht erkennbar.<\/p>\n<p>Eine permanente inhaltliche Kontrolle der verlinkten Seiten ist jedoch ohne konkrete Anhaltspunkte einer Rechtsverletzung nicht zumutbar. Bei Bekanntwerden von Rechtsverletzungen werden wir derartige Links umgehend entfernen.<\/p>\n<h2>Urheberrecht<\/h2>\n<p>Die durch die Seitenbetreiber erstellten Inhalte und Werke auf diesen Seiten<br \/>\nunterliegen dem deutschen Urheberrecht. Die Vervielf\u00e4ltigung, Bearbeitung, Verbreitung und jede Art der Verwertung au\u00dferhalb der Grenzen des Urheberrechtes bed\u00fcrfen der schriftlichen Zustimmung des jeweiligen Autors bzw. Erstellers. Downloads und Kopien dieser Seite sind nur f\u00fcr den privaten, nicht kommerziellen Gebrauch gestattet.<\/p>\n<p>Soweit die Inhalte auf dieser Seite nicht vom Betreiber erstellt wurden, werden die Urheberrechte Dritter beachtet. Insbesondere werden Inhalte Dritter als solche gekennzeichnet. Sollten Sie trotzdem auf eine Urheberrechtsverletzung aufmerksam werden, bitten wir um einen entsprechenden Hinweis. Bei Bekanntwerden von Rechtsverletzungen werden wir derartige Inhalte umgehend entfernen.[\/vc_column_text][\/vc_column][\/vc_row]\n","protected":false},"excerpt":{"rendered":"<p>[vc_row][vc_column][rev_slider_vc alias=&#8220;kenburns_boxed&#8220;][\/vc_column][\/vc_row][vc_row stretched_bg_padding=&#8220;65&#8243;][vc_column][\/vc_column][\/vc_row][vc_row css=&#8220;.vc_custom_1411479622940{padding-top: 10px !important;padding-bottom: 10px !important;background-color: #ededed !important;background-position: center !important;background-repeat: no-repeat !important;background-size: cover !important;}&#8220;][vc_row][\/vc_row][vc_column][vc_column_text] Impressum Angaben gem\u00e4\u00df \u00a7 5 TMG: Iht-klink Paulusstrasse 37 72639 Neuffen Vertreten durch: Herr Ulrich Klink Kontakt: Tel. +49(0)7025 2271 Mobil +49(0)172 7227894 Fax: +49(0)7025 8142 http:\/\/www.iht-klink.de Freiberufler &nbsp; &nbsp; Umsatzsteuer: UmsatzsteuerIdentifikationsnummer gem\u00e4\u00df \u00a727 a Umsatzsteuergesetz: DE XXXXX Streitschlichtung &#8230;<\/p>\n","protected":false},"author":1,"featured_media":0,"parent":0,"menu_order":0,"comment_status":"closed","ping_status":"closed","template":"template-home.php","meta":{"_exactmetrics_skip_tracking":false,"_exactmetrics_sitenote_active":false,"_exactmetrics_sitenote_note":"","_exactmetrics_sitenote_category":0,"footnotes":""},"_links":{"self":[{"href":"https:\/\/www.iht-klink.de\/index.php?rest_route=\/wp\/v2\/pages\/44"}],"collection":[{"href":"https:\/\/www.iht-klink.de\/index.php?rest_route=\/wp\/v2\/pages"}],"about":[{"href":"https:\/\/www.iht-klink.de\/index.php?rest_route=\/wp\/v2\/types\/page"}],"author":[{"embeddable":true,"href":"https:\/\/www.iht-klink.de\/index.php?rest_route=\/wp\/v2\/users\/1"}],"replies":[{"embeddable":true,"href":"https:\/\/www.iht-klink.de\/index.php?rest_route=%2Fwp%2Fv2%2Fcomments&post=44"}],"version-history":[{"count":3,"href":"https:\/\/www.iht-klink.de\/index.php?rest_route=\/wp\/v2\/pages\/44\/revisions"}],"predecessor-version":[{"id":150,"href":"https:\/\/www.iht-klink.de\/index.php?rest_route=\/wp\/v2\/pages\/44\/revisions\/150"}],"wp:attachment":[{"href":"https:\/\/www.iht-klink.de\/index.php?rest_route=%2Fwp%2Fv2%2Fmedia&parent=44"}],"curies":[{"name":"wp","href":"https:\/\/api.w.org\/{rel}","templated":true}]}}