						{"id":68,"date":"2017-11-03T22:04:43","date_gmt":"2017-11-03T22:04:43","guid":{"rendered":"https:\/\/iht-klink.straub-green-it.de\/?page_id=68"},"modified":"2024-04-10T19:36:09","modified_gmt":"2024-04-10T19:36:09","slug":"was-ist-hohnen","status":"publish","type":"page","link":"https:\/\/www.iht-klink.de\/?page_id=68","title":{"rendered":"Was ist Honen"},"content":{"rendered":"[vc_row][vc_column][vc_empty_space][vc_gallery interval=&#8220;5&#8243; images=&#8220;325,188&#8243; img_size=&#8220;1483&#215;600&#8243; onclick=&#8220;custom_link&#8220; custom_links_target=&#8220;_blank&#8220; custom_links=&#8220;#E-8_aHR0cHMlM0ElMkYlMkZ3d3cuaWh0LWtsaW5rLmRlJTJGd3AtY29udGVudCUyRnVwbG9hZHMlMkYyMDE3JTJGMTElMkZBSUZfWklNX1JvYm9Ib25lLnBkZg==&#8220;][\/vc_column][\/vc_row][vc_row stretched_bg_padding=&#8220;65&#8243;][vc_column]\t\t\t\t<div class=\"home-cta-bar accent\" style=\"\">\r\n\t\t\t<div class=\"text\">\r\n\t\t\t\tInnovative Hontechnologie - Erfahrung und Innovation seit \u00fcber 50 Jahren\t\t\t<\/div>\r\n\t\t\t\t\t<\/div>\r\n\t\t<div class=\"home-cta-spacer\"><\/div>\r\n\t\t[\/vc_column][\/vc_row][vc_row css=&#8220;.vc_custom_1411479622940{padding-top: 10px !important;padding-bottom: 10px !important;background-color: #ededed !important;background-position: center !important;background-repeat: no-repeat !important;background-size: cover !important;}&#8220;][vc_column width=&#8220;1\/2&#8243;]\r\n\t\t\r\n\t\t\t<!-- Standard Icon & Text Element -->\r\n\r\n\t\t\t\r\n\t\t\r\n\t\t\r\n\t\t\t<!-- Standard Icon & Text Element -->\r\n\r\n\t\t\t\t\t\t\t<div class=\"basix_icon_text title-left-icon wpb_content_element\">\r\n\t\t\t\t\t<div class=\"title-holder\">\r\n\t\t\t\t\t\t<div class=\"icon\" style=\"width: 24px;\">\r\n\t\t\t\t\t\t\t\t\t\t\t\t\t\t\t<i class=\"FontAwesome-dot-circle-o\" style=\"font-size: 24px;\"><\/i>\r\n\t\t\t\t\t\t\t\t\t\t\t\t\t<\/div>\r\n\t\t\t\t\t\t<div class=\"title\">\r\n\t\t\t\t\t\t\t\t\t\t\t\t\t\t\t<h2>Was ist Honen?<\/h2>\r\n\t\t\t\t\t\t\t\t\t\t\t\t\t<\/div>\r\n\t\t\t\t\t<\/div>\r\n\t\t\t\t\t\t\t\t\t\t\t<div class=\"text\">\r\n\t\t\t\t\t\t\tHonen ist das Spanen mit einem vielschneidigen Werkzeug aus gebundenem Korn unter st\u00e4ndiger Fl\u00e4chenber\u00fchrung zwischen Werkzeug und Werkst\u00fcck zur Verbesserung von Ma\u00df, Form und Oberfl\u00e4che vorgearbeiteter Werkst\u00fccke. Zwischen Werkzeug und Werkst\u00fcck findet ein Richtungswechsel der L\u00e4ngsbewegung statt. Die erzielten Oberfl\u00e4chen weisen parallele, sich kreuzende Rillen auf. Je nach Umkehrl\u00e4nge von Werkzeug bzw. Werkst\u00fcck unterscheidet man Langhubhonen (Honen, Ziehschleifen) oder Kurzhubhonen (Feinhonen, Superfinishen, Feinziehschleifen, Schwingschleifen).<\/p>\n<p>Je nach Form und Lage der Bearbeitungsstelle am Werkst\u00fcck unterscheidet man Innenhonen, Au\u00dfenhonen und Flachhonen.<\/p>\n<p>Die immer h\u00f6her werdenden spezifischen Beanspruchungen an Bauteilen und Komponenten machen eine flexible Anpassung der Herstellverfahren an das jeweilige Funktionsprofil unabdingbar.<\/p>\n<p>F\u00fcr die Herstellung von funktionalen und hochgenauen Bohrungen bieten die neuen Hontechnologien auch unter dem Aspekt der Wirtschaftlichkeit vielf\u00e4ltige M\u00f6glichkeiten.\t\t\t\t\t\t<\/div>\r\n\t\t\t\t\t\t\t\t\t<\/div>\r\n\t\t\t\r\n\t\t\r\n\t\t\t\t[vc_single_image image=&#8220;85&#8243; add_caption=&#8220;yes&#8220; onclick=&#8220;link_image&#8220;][\/vc_column][vc_column width=&#8220;1\/2&#8243;][vc_single_image image=&#8220;196&#8243; add_caption=&#8220;yes&#8220; onclick=&#8220;link_image&#8220;][vc_column_text]Die betriebsbedingten Herstellkriterien, wie bei der Makrogeometrie (Grobgestaltabweichungen) die Ma\u00df- und Formabweichungen, bei der Mikrogeometrie (Feingestaltabweichungen) die Rauheit, Profil- und Strukturarten, die Randzonenbeschaffenheiten, k\u00f6nnen modifiziert werden wie sonst mit keinem anderen Feinbearbeitungsverfahren.[\/vc_column_text][vc_single_image image=&#8220;197&#8243; add_caption=&#8220;yes&#8220; onclick=&#8220;link_image&#8220;][\/vc_column][\/vc_row][vc_row css=&#8220;.vc_custom_1411479622940{padding-top: 10px !important;padding-bottom: 10px !important;background-color: #ededed !important;background-position: center !important;background-repeat: no-repeat !important;background-size: cover !important;}&#8220;][vc_column width=&#8220;1\/2&#8243;][vc_gallery interval=&#8220;5&#8243; images=&#8220;78,79&#8243; title=&#8220;Anwendungsbereiche &#038; Honbeispiele&#8220;][\/vc_column][vc_column width=&#8220;1\/2&#8243;]\r\n\t\t\r\n\t\t\t<!-- Standard Icon & Text Element -->\r\n\r\n\t\t\t\r\n\t\t\r\n\t\t\r\n\t\t\t<!-- Standard Icon & Text Element -->\r\n\r\n\t\t\t\t\t\t\t<div class=\"basix_icon_text title-left-icon wpb_content_element\">\r\n\t\t\t\t\t<div class=\"title-holder\">\r\n\t\t\t\t\t\t<div class=\"icon\" style=\"width: 24px;\">\r\n\t\t\t\t\t\t\t\t\t\t\t\t\t\t\t<i class=\"FontAwesome-circle-o\" style=\"font-size: 24px;\"><\/i>\r\n\t\t\t\t\t\t\t\t\t\t\t\t\t<\/div>\r\n\t\t\t\t\t\t<div class=\"title\">\r\n\t\t\t\t\t\t\t\t\t\t\t\t\t\t\t<h2>Honen<\/h2>\r\n\t\t\t\t\t\t\t\t\t\t\t\t\t<\/div>\r\n\t\t\t\t\t<\/div>\r\n\t\t\t\t\t\t\t\t\t\t\t<div class=\"text\">\r\n\t\t\t\t\t\t\tDie Schwerpunkte der iht-Aktivit\u00e4ten liegen beim Langhubhonen von Bohrungen, der Au\u00dfen- und Planhonbearbeitung der verschiedensten Bauteile und entsprechenden\u00a0 Werkstoffe. Von zielf\u00fchrender Wichtigkeit ist dabei die Entgrattechnologie und die Messtechnik in diesem hochgenauen Bereich mit eingeschlossen.<\/p>\n<p>Die Anwendungen kommen aus s\u00e4mtlichen technischen Bereichen wie z.B. dem Maschinenbau, der Pneumatik- und Hydraulikindustrie, dem Luftfahrt- und Schiffsbaubereich und den breitgef\u00e4cherten Fahrzeugbereichen. Ein Schwerpunkt im Bauteilspektrum liegt nach wie vor bei den verschiedenen Kolbenmaschinen und dem jeweiligen Antriebsstrang.<\/p>\n<p>Angefangen bei den diffizilen Zylinderlaufbahnen der 2-Takt-Motoren f\u00fcr Motors\u00e4gen, \u00fcber die Spezialbearbeitung im Rennsport, entsprechend den verschiedensten Funktionsprofilen im Motorrad, PKW- und LKW-Bereich, bis hin zu den gro\u00dfen Schiffsdieselmotoren.<\/p>\n<p>Dazu kommen Getrieber\u00e4der, Pleuelstangen und die hochgenauen Bohrungen in Einspritzsystemen. In der Luftfahrt werden neben den \u00fcblichen Honqualit\u00e4ten funktionsgerechte Randzonen mit hoher Dauerfestigkeit und geringer Neigung zur Rissbildung gefordert.\t\t\t\t\t\t<\/div>\r\n\t\t\t\t\t\t\t\t\t<\/div>\r\n\t\t\t\r\n\t\t\r\n\t\t\t\t[\/vc_column][\/vc_row]\n","protected":false},"excerpt":{"rendered":"<p>[vc_row][vc_column][vc_empty_space][vc_gallery interval=&#8220;5&#8243; images=&#8220;325,188&#8243; img_size=&#8220;1483&#215;600&#8243; onclick=&#8220;custom_link&#8220; custom_links_target=&#8220;_blank&#8220; custom_links=&#8220;#E-8_aHR0cHMlM0ElMkYlMkZ3d3cuaWh0LWtsaW5rLmRlJTJGd3AtY29udGVudCUyRnVwbG9hZHMlMkYyMDE3JTJGMTElMkZBSUZfWklNX1JvYm9Ib25lLnBkZg==&#8220;][\/vc_column][\/vc_row][vc_row stretched_bg_padding=&#8220;65&#8243;][vc_column][\/vc_column][\/vc_row][vc_row css=&#8220;.vc_custom_1411479622940{padding-top: 10px !important;padding-bottom: 10px !important;background-color: #ededed !important;background-position: center !important;background-repeat: no-repeat !important;background-size: cover !important;}&#8220;][vc_column width=&#8220;1\/2&#8243;][vc_single_image image=&#8220;85&#8243; add_caption=&#8220;yes&#8220; onclick=&#8220;link_image&#8220;][\/vc_column][vc_column width=&#8220;1\/2&#8243;][vc_single_image image=&#8220;196&#8243; add_caption=&#8220;yes&#8220; onclick=&#8220;link_image&#8220;][vc_column_text]Die betriebsbedingten Herstellkriterien, wie bei der Makrogeometrie (Grobgestaltabweichungen) die Ma\u00df- und Formabweichungen, bei der Mikrogeometrie (Feingestaltabweichungen) die Rauheit, Profil- und Strukturarten, die Randzonenbeschaffenheiten, k\u00f6nnen modifiziert werden wie &#8230;<\/p>\n","protected":false},"author":1,"featured_media":0,"parent":0,"menu_order":0,"comment_status":"closed","ping_status":"closed","template":"template-home.php","meta":{"_exactmetrics_skip_tracking":false,"_exactmetrics_sitenote_active":false,"_exactmetrics_sitenote_note":"","_exactmetrics_sitenote_category":0,"footnotes":""},"_links":{"self":[{"href":"https:\/\/www.iht-klink.de\/index.php?rest_route=\/wp\/v2\/pages\/68"}],"collection":[{"href":"https:\/\/www.iht-klink.de\/index.php?rest_route=\/wp\/v2\/pages"}],"about":[{"href":"https:\/\/www.iht-klink.de\/index.php?rest_route=\/wp\/v2\/types\/page"}],"author":[{"embeddable":true,"href":"https:\/\/www.iht-klink.de\/index.php?rest_route=\/wp\/v2\/users\/1"}],"replies":[{"embeddable":true,"href":"https:\/\/www.iht-klink.de\/index.php?rest_route=%2Fwp%2Fv2%2Fcomments&post=68"}],"version-history":[{"count":41,"href":"https:\/\/www.iht-klink.de\/index.php?rest_route=\/wp\/v2\/pages\/68\/revisions"}],"predecessor-version":[{"id":338,"href":"https:\/\/www.iht-klink.de\/index.php?rest_route=\/wp\/v2\/pages\/68\/revisions\/338"}],"wp:attachment":[{"href":"https:\/\/www.iht-klink.de\/index.php?rest_route=%2Fwp%2Fv2%2Fmedia&parent=68"}],"curies":[{"name":"wp","href":"https:\/\/api.w.org\/{rel}","templated":true}]}}